{"id":95,"date":"2021-02-15T14:47:14","date_gmt":"2021-02-15T14:47:14","guid":{"rendered":"http:\/\/kvennan.com\/no\/rules-and-licenses\/"},"modified":"2021-05-05T08:46:28","modified_gmt":"2021-05-05T08:46:28","slug":"regler-lisens","status":"publish","type":"page","link":"https:\/\/kvennan.com\/no\/regler-lisens\/","title":{"rendered":"Regler og lisenser"},"content":{"rendered":"<p style=\"\">Fly fishing in Glomma<\/p>\n<h1>Regler og fiskekort<\/h1>\n<h2 style=\"text-align: center;\">Generelle regler<\/h2>\n<ul>\n<li><span>Fisking med sm\u00e5 fisk, d\u00f8d eller levende, er strengt forbudt i alle soner.<\/span><\/li>\n<li><span>Vennligst ikke fors\u00f8pl, ta s\u00f8ppelen med hjem.<\/span><\/li>\n<li><span>Parker s\u00e5 du ikke hindrer b\u00f8ndene.<\/span><\/li>\n<li><span>Fiske fra b\u00e5t, kano eller andre former for b\u00e5t er kun lov i Tynset sonen.<\/span><\/li>\n<\/ul>\n<h3>Regler for Kvennan Fluefiske sone <\/h3>\n<p><span style=\"font-size: 18px;\">Season from June 1 to October 15. Closure for trout from September 15.<\/span><\/p>\n<p><span style=\"font-size: 18px;\">Allowed fishing tackle: fly rod and fly line. The only weight used for casting is the fly line,and only artificial flies are allowed.<\/span><\/p>\n<p>&nbsp;<\/p>\n<ul>\n<li><span>Minimum size for grayling is 35 cm, maximum size is 40 cm<\/span><\/li>\n<li><span>Grayling larger than 40 cm must be released immediately<\/span><\/li>\n<li><span>All trout must be released immediately<\/span><\/li>\n<li><span>All pike must be released immediately<\/span><\/li>\n<li><span>Bag limit: max 1 grayling per day, but we recommend Catch &amp; Release<\/span><\/li>\n<li><span>Only barbless hooks, or pinched down barbs<\/span><\/li>\n<\/ul>\n<table data-rows=\"3\" data-cols=\"2\" data-v=\"middle\" style=\"--tve-border-width:0px;\">\n<thead>\n<tr>\n<th style=\"\">\n<p style=\"\"><strong>Type<\/strong><\/p>\n<\/th>\n<th style=\"\">\n<p style=\"\"><strong>Price<\/strong><\/p>\n<\/th>\n<\/tr>\n<\/thead>\n<tbody>\n<tr>\n<td data-th=\"Type\" style=\"\">\n<p>Day license<\/p>\n<\/td>\n<td data-th=\"Price\" style=\"\">\n<p>220 NOK<\/p>\n<\/td>\n<\/tr>\n<tr>\n<td data-th=\"Type\" style=\"\">\n<p>Week license<\/p>\n<\/td>\n<td data-th=\"Price\" style=\"\">\n<p>950 NOK<\/p>\n<\/td>\n<\/tr>\n<\/tbody>\n<\/table>\n<p style=\"\">Day license or week license for the fly fishing zone gives you also the right to fish in the Tolga and Tynset zone.<\/p>\n<h3>Regler for Tolga sonen <\/h3>\n<p style=\"\">Season from May 15 to October 15. closure for trout from September 15.<\/p>\n<p>&nbsp;Allowed fishing tackle: rod and line. You can use worms, lures and flies.<\/p>\n<ul>\n<li><span>Minimum size for both trout and grayling is 30 cm<\/span><\/li>\n<li><span>Bag limit: max. 3 fish per day<\/span><\/li>\n<\/ul>\n<table data-rows=\"4\" data-cols=\"2\" data-v=\"middle\">\n<thead>\n<tr>\n<th style=\"\">\n<p style=\"\"><strong>Type<\/strong><\/p>\n<\/th>\n<th style=\"\">\n<p style=\"\"><strong>Price<\/strong><\/p>\n<\/th>\n<\/tr>\n<\/thead>\n<tbody>\n<tr>\n<td data-th=\"Type\" style=\"\">\n<p>Day license<\/p>\n<\/td>\n<td data-th=\"Price\" style=\"\">\n<p>125 NOK<\/p>\n<\/td>\n<\/tr>\n<tr>\n<td data-th=\"Type\" style=\"\">\n<p>Week license<\/p>\n<\/td>\n<td data-th=\"Price\" style=\"\">\n<p>250 NOK<\/p>\n<\/td>\n<\/tr>\n<tr>\n<td data-th=\"Type\" rowspan=\"1\" colspan=\"1\" style=\"\">\n<p>Year license<\/p>\n<\/td>\n<td data-th=\"Price\" rowspan=\"1\" colspan=\"1\" style=\"\">\n<p>500 NOK<\/p>\n<\/td>\n<\/tr>\n<\/tbody>\n<\/table>\n<h3>Regler for Tynset sonen <\/h3>\n<p>Season from May 15 to October 15. closure for trout from September 15.<\/p>\n<p style=\"\">Allowed fishing tackle: rod and line. You can use worms, lures and flies.<\/p>\n<p>&nbsp;<\/p>\n<ul>\n<li><span>Minimum size for both trout and grayling is 30 cm<\/span><\/li>\n<li><span>Maximum size for trout and grayling is 40 cm<\/span><\/li>\n<li><span>All trout and grayling larger then 40 cm shall be released immediately<\/span><\/li>\n<li><span>Bag limit: max 1 grayling or 1 trout per day<\/span><\/li>\n<li><span>Pike: maximum size is 65 cm. All larger pike shall be released immediately<\/span><\/li>\n<li><span>When fishing Tunna Fly Fishing Zone, different rules apply. The same rules as on Kvennan Fly Fishing<\/span><\/li>\n<\/ul>\n<table data-rows=\"4\" data-cols=\"2\" data-v=\"middle\">\n<thead>\n<tr>\n<th style=\"\">\n<p style=\"\"><strong>Type<\/strong><\/p>\n<\/th>\n<th style=\"\">\n<p style=\"\"><strong>Price<\/strong><\/p>\n<\/th>\n<\/tr>\n<\/thead>\n<tbody>\n<tr>\n<td data-th=\"Type\" style=\"\">\n<p style=\"\">Day license<\/p>\n<\/td>\n<td data-th=\"Price\" style=\"\">\n<p style=\"\">125 NOK<\/p>\n<\/td>\n<\/tr>\n<tr>\n<td data-th=\"Type\" style=\"\">\n<p style=\"\">Week license<\/p>\n<\/td>\n<td data-th=\"Price\" style=\"\">\n<p style=\"\">250 NOK<\/p>\n<\/td>\n<\/tr>\n<tr>\n<td data-th=\"Type\" rowspan=\"1\" colspan=\"1\" style=\"\">\n<p style=\"\">Year license<\/p>\n<\/td>\n<td data-th=\"Price\" rowspan=\"1\" colspan=\"1\" style=\"\">\n<p style=\"\">500 NOK<\/p>\n<\/td>\n<\/tr>\n<\/tbody>\n<\/table>\n<h2>Kj\u00f8p Fiskekort<\/h2>\n<h3 style=\"text-align: center;\">Online<\/h3>\n<p>Du vil motta en PDF fil, via email etter at kj\u00f8pet er fullf\u00f8rt. Vennligst pint ut fiskekortet eller lagre det p\u00e5 telefonen din.<\/p>\n<h3 style=\"text-align: center;\">Offline<\/h3>\n<p>Du kan kj\u00f8pe fiskekort p\u00e5 Tolga bensinstasjon, Kvennan Fluefiske kontor i Tolga eller et annet<\/p>\n","protected":false},"excerpt":{"rendered":"<p>Fly fishing in Glomma Regler og fiskekort Generelle regler Fisking med sm\u00e5 fisk, d\u00f8d eller levende, er strengt forbudt i alle soner. Vennligst ikke fors\u00f8pl, ta s\u00f8ppelen med hjem. Parker s\u00e5 du ikke hindrer b\u00f8ndene. Fiske fra b\u00e5t, kano eller andre former for b\u00e5t er kun lov i Tynset sonen. Regler for Kvennan Fluefiske sone [&hellip;]<\/p>\n","protected":false},"author":1,"featured_media":0,"parent":0,"menu_order":0,"comment_status":"closed","ping_status":"closed","template":"","meta":{"footnotes":""},"class_list":["post-95","page","type-page","status-publish","hentry","post-wrapper","thrv_wrapper"],"_links":{"self":[{"href":"https:\/\/kvennan.com\/no\/wp-json\/wp\/v2\/pages\/95","targetHints":{"allow":["GET"]}}],"collection":[{"href":"https:\/\/kvennan.com\/no\/wp-json\/wp\/v2\/pages"}],"about":[{"href":"https:\/\/kvennan.com\/no\/wp-json\/wp\/v2\/types\/page"}],"author":[{"embeddable":true,"href":"https:\/\/kvennan.com\/no\/wp-json\/wp\/v2\/users\/1"}],"replies":[{"embeddable":true,"href":"https:\/\/kvennan.com\/no\/wp-json\/wp\/v2\/comments?post=95"}],"version-history":[{"count":13,"href":"https:\/\/kvennan.com\/no\/wp-json\/wp\/v2\/pages\/95\/revisions"}],"predecessor-version":[{"id":487,"href":"https:\/\/kvennan.com\/no\/wp-json\/wp\/v2\/pages\/95\/revisions\/487"}],"wp:attachment":[{"href":"https:\/\/kvennan.com\/no\/wp-json\/wp\/v2\/media?parent=95"}],"curies":[{"name":"wp","href":"https:\/\/api.w.org\/{rel}","templated":true}]}}