{"id":103,"date":"2021-02-09T11:53:39","date_gmt":"2021-02-09T11:53:39","guid":{"rendered":"http:\/\/kvennan.com\/no\/frontpage\/"},"modified":"2024-05-08T11:16:16","modified_gmt":"2024-05-08T11:16:16","slug":"frontpage","status":"publish","type":"page","link":"https:\/\/kvennan.com\/no\/","title":{"rendered":"Forside"},"content":{"rendered":"<p><span style=\"font-weight: normal\">En av de beste strekningene for fluefiske i Norge. Den \u00f8vre delen av den ber\u00f8mte elven Glomma p\u00e5 \u00d8stlandet. Oppdag alle tingene som gj\u00f8r denne delen av Glomma til den beste fluefiskeopplevelsen i Norge. Her finner du all informasjon du trenger for \u00e5 forberede deg p\u00e5 en uforglemmelig fluefisketur. <\/span><\/p>\n<h2>Rapport: Fisket i Kvennan Flyfishing sone i 2023<\/h2>\n<p>Mange lurer sikkert p\u00e5 hvordan fisket i fluefiskesona p\u00e5 Kvennan har v\u00e6rt de f\u00f8rste \u00e5rene etter utbygginga av Tolga Kraftverk.<\/p>\n<p>Fangstrapporten for 2023 viser en total fangst p\u00e5 8166 harr. Dette er p\u00e5 niv\u00e5 med 2018 og 2019. B\u00e5de st\u00f8rrelsen p\u00e5 fisken og mengde synes \u00e5 holde seg bra etter utbygginga, men vi er selvsagt spente p\u00e5 utviklinga framover. Det sv\u00e6rt forsiktige fisket hvor dere slipper ut igjen 98,8% av fisken innen Kvennan Flyfishing sona, gj\u00f8r at vi er optimistiske.<\/p>\n<p>Akkurat n\u00e5 holder v\u00e5rflommen p\u00e5 \u00e5 kulminere, og det meste av sn\u00f8en er borte. De f\u00f8rste mus\u00f8rene viser seg sammen med de f\u00f8rste insektene. Vi tror derfor p\u00e5 en ypperlig sesong\u00e5pning med godt fiskbar elv allerede fra 1. juni.<\/p>\n<p><a href=\"https:\/\/kvennan.com\/wp-content\/uploads\/2024\/05\/Fangstdata-2023.pdf\" target=\"_blank\" rel=\"noopener\">Les rapporten her: Fangstdata 2023<\/a><\/p>\n<p><strong>Siste fiskerapport: 11-08-2022<\/strong><\/p>\n<p>Vannstand &nbsp; &nbsp; &nbsp; &nbsp; &nbsp; &nbsp; &nbsp; &nbsp; &nbsp; &nbsp; &nbsp; &nbsp; &nbsp; &nbsp; &nbsp; &nbsp; &nbsp; &nbsp; &nbsp; &nbsp; &nbsp; &nbsp; &nbsp; &nbsp; &nbsp; &nbsp; &nbsp;: 588,48Gjennomsnittlig vannstand:2005 &#8211; 2021 &nbsp; : 587,49Vannet i Glomma &nbsp; &nbsp; &nbsp; &nbsp; &nbsp; &nbsp; &nbsp; &nbsp; &nbsp; &nbsp; &nbsp; &nbsp; &nbsp; &nbsp; &nbsp; &nbsp; &nbsp; &nbsp; &nbsp; &nbsp; &nbsp; : klartVanntemperatur &nbsp; &nbsp; &nbsp; &nbsp; &nbsp; &nbsp; &nbsp; &nbsp; &nbsp; &nbsp; &nbsp; &nbsp; &nbsp; &nbsp; &nbsp; &nbsp; &nbsp; &nbsp; &nbsp; &nbsp; &nbsp; &nbsp; : 14 \u00b0CLufttemperatur min &#8211; max &nbsp; &nbsp; &nbsp; &nbsp; &nbsp; &nbsp; &nbsp; &nbsp; &nbsp; &nbsp; &nbsp; &nbsp; &nbsp; &nbsp; : 14 \u00b0C &#8211; 19 \u00b0CVindhastighet og retning &nbsp; &nbsp; &nbsp; &nbsp; &nbsp; &nbsp; &nbsp; &nbsp; &nbsp; &nbsp; &nbsp; &nbsp; &nbsp; &nbsp; &nbsp; : 1 m\/s &nbsp;<\/p>\n<p><a href=\"https:\/\/kvennan.com\/no\/fly-fishing-reports-2022\/\" target=\"_blank\" rel=\"noopener\"> Les mer<\/a><\/p>\n<\/p>\n<p><strong>N<span>RK tok turen til Kvennan Fluefiskesone tidlig i august. Klikk p\u00e5 bildet for \u00e5 se innslaget.<\/span><\/strong><\/p>\n<p><span><a href=\"https:\/\/tv.nrk.no\/se?v=DKIN98080321&amp;t=424s\" target=\"_blank\" rel=\"noopener\"><img decoding=\"async\" alt=\"\" data-id=\"555\" width=\"533\" data-init-width=\"613\" height=\"296\" data-init-height=\"341\" title=\"NRK 030821\" loading=\"lazy\" src=\"https:\/\/kvennan.com\/no\/wp-content\/uploads\/sites\/2\/2021\/09\/NRK-030821.png\" data-width=\"533\" data-height=\"296\" style=\"aspect-ratio: auto 613 \/ 341\" data-link-wrap=\"true\"><\/a><\/span><\/p>\n<p><strong>En liten stemningsrapport juli 2021:<\/strong><\/p>\n<h2>Om Kvennan fluefiskesone<\/h2>\n<p>Kvennan fluefiskesone i Norge starter ved begynnelsen av Eidsfossen, der kraftlinjene krysser elva, og ender 15,2 km nedstr\u00f8ms, n\u00e6r Abrua bro. I n\u00e6rheten av fossen er det et veldig dypt hull i elveleiet, og mange interessante virvler og gjemmesteder for stor-\u00f8rret. Hvert \u00e5r landes det noen store \u00f8rret, opp til 4 kg, og den st\u00f8rste harr jeg har h\u00f8rt om kommer ogs\u00e5 fra denne sonen (67cm, 3 kg).<\/p>\n<ul>\n<li><span><a href=\"https:\/\/kvennan.com\/no\/fluefiske-glomma-2\/fiskesoner\/\" target=\"_blank\" rel=\"noopener\">Ler mer om fiskesonen<\/a><\/span><\/li>\n<\/ul>\n<p><span><a href=\"http:\/\/kvennan.com\/wp-content\/uploads\/2021\/02\/fly-fishing-norway.webp\"><img decoding=\"async\" alt=\"Fly fishing Norway\" data-id=\"436\" width=\"513\" data-init-width=\"1000\" height=\"384\" data-init-height=\"750\" title=\"fly-fishing-norway\" loading=\"lazy\" src=\"\/\/kvennan.com\/wp-content\/uploads\/2021\/02\/fly-fishing-norway.webp\" data-width=\"513\" data-height=\"384\" data-link-wrap=\"true\" style=\"aspect-ratio: auto 1000 \/ 750\"><\/a><\/span><\/p>\n<h2>Fluefiske i Glomma<\/h2>\n<p>Elven Glomma faller fra rundt 700 meters h\u00f8yde ved innsj\u00f8en Aursund til 178 m ved Elverum, 275 km s\u00f8r. Elvens fall er ikke ensformig, spesielt mellom Tynset og H\u00f8yegga Dam er elva som en stor innsj\u00f8, den er dyp og str\u00f8mmen er langsom de fleste steder.<\/p>\n<p>Mellom Tolga og Tynset er det raske str\u00f8mmer, og over lange strekninger er elva av typen free-stone. Denne variasjonen i dybde og str\u00f8m resulterer i et variert elvelag: store steiner i strekningene med rask str\u00f8m, grusbunn der str\u00f8mmen bremser og sandbunn i de langsomme strekningene. Dette betyr optimale forhold for vann vegetasjon og insektliv.<\/p>\n<ul>\n<li><span><a href=\"https:\/\/kvennan.com\/no\/fluefiske-i-glomma\/\">Les mer om fluefiske i Glomma<\/a><\/span><\/li>\n<\/ul>\n<p><span><a href=\"http:\/\/kvennan.com\/wp-content\/uploads\/2021\/02\/fly-fishing-glomma-1.webp\"><img decoding=\"async\" alt=\"Fly fishing in Glomma Norway\" data-id=\"442\" width=\"513\" data-init-width=\"1000\" height=\"342\" data-init-height=\"667\" title=\"fly-fishing-glomma\" loading=\"lazy\" src=\"\/\/kvennan.com\/wp-content\/uploads\/2021\/02\/fly-fishing-glomma-1.webp\" data-width=\"513\" data-height=\"342\" data-link-wrap=\"true\" style=\"aspect-ratio: auto 1000 \/ 667\"><\/a><\/span><\/p>\n<h2>Hva sier fiskerne om Kvennan fluefiske<strong>&nbsp;<\/strong><\/h2>\n<p>Fluefiskesonen KFF-sonen kan defineres som den perfekte elvestrekningen for fluefiskeren. Str\u00f8mningen har et ideelt tempo og dybde for b\u00e5de \u00f8rret og harr, og fordi elva ikke er s\u00e5 dyp, er det mulig \u00e5 vade de fleste steder, selv n\u00e5r vannstanden er h\u00f8yere enn vanlig.<\/p>\n<h2>Hvor er Kvennan Fluefiske?<strong>&nbsp;<\/strong><\/h2>\n<p>Kvennan fluefiske ligger i den nordlige delen av \u00d8sterdalen, mellom de to sm\u00e5byene Tynset og Tolga, i Innlandet Fylke, (tidligere Hedmark). Svenskegrensa er ikke langt unna, bare 75 km. Landskapet i denne delen av Norge kan beskrives som fjellomr\u00e5det i det tidligere Hedmark, og noen sier det er Skandinavias s\u00f8rligste villmark. Tidligere<\/p>\n<p>Hedmark er et av de mindre urbaniserte omr\u00e5dene i Norge, ettersom omtrent halvparten av innbyggeren bor p\u00e5 landet. Befolkingen er hovedsakelig konsentrert i det rike jordbruksdistriktet som grenser til Mj\u00f8sa.<\/p>\n<ul>\n<li><span><a href=\"http:\/\/kvennan.com\/location#get-here\">Hvordan komme hit<\/a><\/span><\/li>\n<\/ul>\n<p><span><img decoding=\"async\" alt=\"Kvennan fly fishing zone\" data-id=\"443\" width=\"513\" data-init-width=\"1000\" height=\"344\" data-init-height=\"671\" title=\"kvennan-fly-fishing-zone\" loading=\"lazy\" src=\"\/\/kvennan.com\/wp-content\/uploads\/2021\/02\/kvennan-fly-fishing-zone.webp\" data-width=\"513\" data-height=\"344\" data-link-wrap=\"true\" style=\"aspect-ratio: auto 1000 \/ 671\"><\/span><\/p>\n","protected":false},"excerpt":{"rendered":"<p>En av de beste strekningene for fluefiske i Norge. Den \u00f8vre delen av den ber\u00f8mte elven Glomma p\u00e5 \u00d8stlandet. Oppdag alle tingene som gj\u00f8r denne delen av Glomma til den beste fluefiskeopplevelsen i Norge. Her finner du all informasjon du trenger for \u00e5 forberede deg p\u00e5 en uforglemmelig fluefisketur. Rapport: Fisket i Kvennan Flyfishing sone [&hellip;]<\/p>\n","protected":false},"author":1,"featured_media":0,"parent":0,"menu_order":0,"comment_status":"closed","ping_status":"closed","template":"","meta":{"footnotes":""},"class_list":["post-103","page","type-page","status-publish","hentry","post-wrapper","thrv_wrapper"],"_links":{"self":[{"href":"https:\/\/kvennan.com\/no\/wp-json\/wp\/v2\/pages\/103","targetHints":{"allow":["GET"]}}],"collection":[{"href":"https:\/\/kvennan.com\/no\/wp-json\/wp\/v2\/pages"}],"about":[{"href":"https:\/\/kvennan.com\/no\/wp-json\/wp\/v2\/types\/page"}],"author":[{"embeddable":true,"href":"https:\/\/kvennan.com\/no\/wp-json\/wp\/v2\/users\/1"}],"replies":[{"embeddable":true,"href":"https:\/\/kvennan.com\/no\/wp-json\/wp\/v2\/comments?post=103"}],"version-history":[{"count":50,"href":"https:\/\/kvennan.com\/no\/wp-json\/wp\/v2\/pages\/103\/revisions"}],"predecessor-version":[{"id":745,"href":"https:\/\/kvennan.com\/no\/wp-json\/wp\/v2\/pages\/103\/revisions\/745"}],"wp:attachment":[{"href":"https:\/\/kvennan.com\/no\/wp-json\/wp\/v2\/media?parent=103"}],"curies":[{"name":"wp","href":"https:\/\/api.w.org\/{rel}","templated":true}]}}